{"id":12,"date":"2024-06-30T14:31:55","date_gmt":"2024-06-30T12:31:55","guid":{"rendered":"https:\/\/www.centroamerica.at\/convocatoria24\/?page_id=12"},"modified":"2024-06-30T17:56:51","modified_gmt":"2024-06-30T15:56:51","slug":"convocatoria-24-es","status":"publish","type":"page","link":"https:\/\/www.centroamerica.at\/convocatoria24\/es\/convocatoria-24-es\/","title":{"rendered":"Convocatoria 24 Es"},"content":{"rendered":"<h1 class=\"pageHeader\" style=\"text-align: center;\">XVI. Festival de Cine Centroamericano \u2013 Viena, Noviembre 2024<\/h1>\n<h1 class=\"pageHeader\" style=\"text-align: center;\">XVI. Mittelamerikanisches Filmfestival \u2013 Wien, Noviembre 2024<\/h1>\n<div class=\"motion-copy col-xs-12 col-sm-5 col-sm-offset-2\">\n<p>Del 18 al 23 de noviembre de 2024, se celebrar\u00e1 el XVI. Festival de Cine Centroamericano en la ciudad de Viena, Austria.<\/p>\n<p>La Asociaci\u00f3n Papaya Media, como organizadora del evento, invita a presentar trabajos para la preselecci\u00f3n de participantes en el XVI. Festival, tanto en las secciones de competencia oficial como en las paralelas. La inscripci\u00f3n es gratuita (salvo que una plataforma intermediaria requiera un pago m\u00ednimo) y finaliza el 30 de julio de 2024. Los detalles para la presentaci\u00f3n se encuentran en este reglamento.<\/p>\n<p>Para participar en el XVI. Festival de Cine Centroamericano \u2013 Viena, Noviembre 2024, se ponen a disposici\u00f3n las reglas de participaci\u00f3n y el formulario de inscripci\u00f3n. Ambos deben completarse y enviarse electr\u00f3nicamente a la siguiente direcci\u00f3n: callforentries@centroamerica.at o a trav\u00e9s de las plataformas de env\u00edo Movibeta o Festhome.<\/p>\n<p><a href=\"http:\/\/www.centroamerica.at\/convocatoria24\/wp-content\/uploads\/2024\/06\/Reglas_de_participacion_XVI_MAFF_2024.pdf\">Reglas de participacion<\/a><br \/>\n<a href=\"http:\/\/www.centroamerica.at\/convocatoria24\/wp-content\/uploads\/2024\/06\/SubmissionForm_MAFF2024.pdf\">Formulario de Inscripci\u00f3n<\/a><\/p>\n<p>El Festival de Cine Centroamericano en Viena se ha convertido en una tradici\u00f3n pr\u00e1cticamente institucionalizada en la ciudad. Viena, sin duda alguna, es uno de los centros culturales m\u00e1s relevantes del mundo y ofrece un escenario grandioso para dar a conocer las producciones cada vez m\u00e1s interesantes y brillantes que emergen de la regi\u00f3n centroamericana.<\/p>\n<p>Adem\u00e1s, como en a\u00f1os anteriores, se incluyen secciones paralelas no competitivas, como &#8220;Pioneros del Cine Centroamericano&#8221;, &#8220;Obras en Proceso&#8221;, &#8220;Pel\u00edcula Invitada&#8221;, &#8220;Bonus Films&#8221; y &#8220;Mirada Latinoamericana o Pa\u00eds Invitado de Honor&#8221;. Todas estas secciones est\u00e1n detalladas en el reglamento.<\/p>\n<p>El pa\u00eds invitado de honor para 2024 es Puerto Rico.\n<\/p><\/div>\n","protected":false},"excerpt":{"rendered":"<p>XVI. Festival de Cine Centroamericano \u2013 Viena, Noviembre 2024 XVI. Mittelamerikanisches Filmfestival \u2013 Wien, Noviembre 2024 Del 18 al 23 de noviembre de 2024, se celebrar\u00e1 el XVI. Festival de Cine Centroamericano en la ciudad de Viena, Austria. La Asociaci\u00f3n Papaya Media, como organizadora del evento, invita a presentar trabajos para la preselecci\u00f3n de participantes [&hellip;]<\/p>\n","protected":false},"author":1,"featured_media":0,"parent":0,"menu_order":0,"comment_status":"closed","ping_status":"closed","template":"","meta":{"footnotes":""},"class_list":["post-12","page","type-page","status-publish","hentry"],"acf":[],"_links":{"self":[{"href":"https:\/\/www.centroamerica.at\/convocatoria24\/wp-json\/wp\/v2\/pages\/12","targetHints":{"allow":["GET"]}}],"collection":[{"href":"https:\/\/www.centroamerica.at\/convocatoria24\/wp-json\/wp\/v2\/pages"}],"about":[{"href":"https:\/\/www.centroamerica.at\/convocatoria24\/wp-json\/wp\/v2\/types\/page"}],"author":[{"embeddable":true,"href":"https:\/\/www.centroamerica.at\/convocatoria24\/wp-json\/wp\/v2\/users\/1"}],"replies":[{"embeddable":true,"href":"https:\/\/www.centroamerica.at\/convocatoria24\/wp-json\/wp\/v2\/comments?post=12"}],"version-history":[{"count":3,"href":"https:\/\/www.centroamerica.at\/convocatoria24\/wp-json\/wp\/v2\/pages\/12\/revisions"}],"predecessor-version":[{"id":23,"href":"https:\/\/www.centroamerica.at\/convocatoria24\/wp-json\/wp\/v2\/pages\/12\/revisions\/23"}],"wp:attachment":[{"href":"https:\/\/www.centroamerica.at\/convocatoria24\/wp-json\/wp\/v2\/media?parent=12"}],"curies":[{"name":"wp","href":"https:\/\/api.w.org\/{rel}","templated":true}]}}