{"id":84,"date":"2019-10-05T14:49:34","date_gmt":"2019-10-05T14:49:34","guid":{"rendered":"https:\/\/www.centroamerica.at\/XIVMAFF2022\/?page_id=84"},"modified":"2023-11-19T15:01:31","modified_gmt":"2023-11-19T14:01:31","slug":"dasfestival","status":"publish","type":"page","link":"https:\/\/www.centroamerica.at\/XVMAFF2023\/dasfestival\/","title":{"rendered":"Das Festival"},"content":{"rendered":"<h1 class=\"pageHeader\" style=\"text-align: center;\">DAS XV. MITTELAMERIKANISCHE FILMFESTIVAL Vom 19. bis 24. November 2023<\/h1>\n<div class=\"motion-copy col-xs-12 col-sm-5 col-sm-offset-2\">\n<p>Ein Wechselbad der Gef\u00fchle. Licht und Schatten. Repression und Widerstand. Weder Schwarz noch wei\u00df, gleicht unser Programm einem bunten Mosaik. Denn das Leben ist bunt, vor allem in Zentralamerika.<\/p>\n<p>So er\u00f6ffnen wir unser Festival mit einem Spielfilm, der zum einen prek\u00e4re Arbeitsverh\u00e4ltnisse und Demenz, zum anderen Humor und Freundschaft ins Licht r\u00fcckt. Auch unsere Dokumentarfilme bieten dunkle wie farbenfrohe Mosaiksteinchen. Sie widmen sich den d\u00fcsteren Vergangenheiten Guatemalas und El Salvadors, aber auch dem vers\u00f6hnlichen Thema Kunst, das durch unterschiedlichste Formate Eingang gefunden in unser Programm hat.<\/p>\n<p>Dem Kurzfilm wird, wie in den vergangenen Jahren, ein besonderer Platz einger\u00e4umt. So werden alle Vorstellungen von cortometrajes begleitet, und am Dienstag kann unser Publikum mit nur einem Ticket gleich mehrere Filme hintereinander genie\u00dfen. Am Mittwoch werfen wir einen Blick in unser diesj\u00e4hriges Gastland Paraguay, das uns die Lebensrealit\u00e4t der Ayoreo n\u00e4herbringt und eine ber\u00fchrende Lebensgeschichte eines Menschen erz\u00e4hlt, der sich in Paraguay auf die Suche nach seinen Wurzeln macht. Wie \u00fcblich wird unser Programm von Expert*innen begleitet, von Live-Musik umrahmt und durch Cocktails vers\u00fc\u00dft. Zudem wollen wir auch unser j\u00fcngeres Publikum herzlich zu einem Besuch einladen: An mehreren Tagen werden am Nachmittag Schulveranstaltungen angeboten, die von didaktischem Material begleitet werden. Wir freuen uns auf spannende Diskussionen im Kinosaal!<\/p>\n<p>In diesem Jahr widmen wir unser Festival dem politischen Wandel, der sich in Guatemala abzeichnet. Wir m\u00f6chten die Wichtigkeit von anhaltendem Engagement und einer breiten Beteiligung des Volkes am politischen Geschehen hervorheben, da wir fest daran glauben, dass kein Widerstand zwecklos bleibt. Es lebe die politische Partizipation!<\/p>\n<\/div>\n<p class=\"pagePara\">\u00a1Nos vemos en el cine!<\/p>\n<p>&nbsp;<\/p>\n<p class=\"pagePara\"><a href=\"https:\/\/www.centroamerica.at\/XVMAFF2023\/nachspann\/\">Nachspann<\/a><\/p>\n<p style=\"text-align: left;\"><a href=\"https:\/\/www.centroamerica.at\/XVMAFF2023\/presse\/\">Presse Files<\/a><\/p>\n<p>&nbsp;<\/p>\n<p><strong>Ticketreservierung unter<\/strong><\/p>\n<p><a href=\"mailto:reservierung@filmarchiv.at\">reservierung@filmarchiv.at<\/a><br \/>\nbzw. +43 1 5121 803<\/p>\n<p>Preise:<br \/>\n9\u20ac (regul\u00e4r)<br \/>\n7\u20ac (erm\u00e4\u00dfigt)<br \/>\n6\u20ac (Filmarchiv Austria Clubmitglieder)<br \/>\n5\u20ac (Filmarchiv Austria Uni-Clubmitglieder)<\/p>\n<p><a href=\"https:\/\/nonstopkino.at\/\"><strong>Nonstop Kinoabo<\/strong><\/a> g\u00fcltig<\/p>\n","protected":false},"excerpt":{"rendered":"<p>DAS XV. MITTELAMERIKANISCHE FILMFESTIVAL Vom 19. bis 24. November 2023 Ein Wechselbad der Gef\u00fchle. Licht und Schatten. Repression und Widerstand. Weder Schwarz noch wei\u00df, gleicht unser Programm einem bunten Mosaik. Denn das Leben ist bunt, vor allem in Zentralamerika. So er\u00f6ffnen wir unser Festival mit einem Spielfilm, der zum einen prek\u00e4re Arbeitsverh\u00e4ltnisse und Demenz, zum [&hellip;]<\/p>\n","protected":false},"author":1,"featured_media":0,"parent":0,"menu_order":0,"comment_status":"closed","ping_status":"closed","template":"","meta":{"footnotes":""},"class_list":["post-84","page","type-page","status-publish","hentry"],"acf":[],"_links":{"self":[{"href":"https:\/\/www.centroamerica.at\/XVMAFF2023\/wp-json\/wp\/v2\/pages\/84","targetHints":{"allow":["GET"]}}],"collection":[{"href":"https:\/\/www.centroamerica.at\/XVMAFF2023\/wp-json\/wp\/v2\/pages"}],"about":[{"href":"https:\/\/www.centroamerica.at\/XVMAFF2023\/wp-json\/wp\/v2\/types\/page"}],"author":[{"embeddable":true,"href":"https:\/\/www.centroamerica.at\/XVMAFF2023\/wp-json\/wp\/v2\/users\/1"}],"replies":[{"embeddable":true,"href":"https:\/\/www.centroamerica.at\/XVMAFF2023\/wp-json\/wp\/v2\/comments?post=84"}],"version-history":[{"count":10,"href":"https:\/\/www.centroamerica.at\/XVMAFF2023\/wp-json\/wp\/v2\/pages\/84\/revisions"}],"predecessor-version":[{"id":3114,"href":"https:\/\/www.centroamerica.at\/XVMAFF2023\/wp-json\/wp\/v2\/pages\/84\/revisions\/3114"}],"wp:attachment":[{"href":"https:\/\/www.centroamerica.at\/XVMAFF2023\/wp-json\/wp\/v2\/media?parent=84"}],"curies":[{"name":"wp","href":"https:\/\/api.w.org\/{rel}","templated":true}]}}