{"id":682,"date":"2019-10-19T18:01:06","date_gmt":"2019-10-19T18:01:06","guid":{"rendered":"https:\/\/www.centroamerica.at\/XIVMAFF2022\/?page_id=682"},"modified":"2019-10-19T18:01:06","modified_gmt":"2019-10-19T18:01:06","slug":"nachspann","status":"publish","type":"page","link":"https:\/\/www.centroamerica.at\/XVMAFF2023\/nachspann\/","title":{"rendered":"Nachspann"},"content":{"rendered":"<h1 class=\"pageHeader\" style=\"text-align: center;\">Nachspann<\/h1>\n<p class=\"pagePara\" style=\"text-align: center;\"><strong>Konzept und Festival Leitung<\/strong><br \/>\nEnrique Bedoya<\/p>\n<p class=\"pagePara\" style=\"text-align: center;\"><strong>Programmkoordination<\/strong><br \/>\nStefanie Mayer und Enrique Bedoya<\/p>\n<p class=\"pagePara\" style=\"text-align: center;\"><strong>Internationale Koordination<\/strong><br \/>\nStefanie Mayer und Enrique Bedoya<\/p>\n<p class=\"pagePara\" style=\"text-align: center;\"><strong>Inhalt und Gestaltung<\/strong><br \/>\nEnrique Bedoya, Stefanie Mayer, Svetla Lazar, Christine Granzer<\/p>\n<p style=\"text-align: center;\"><strong>\u00d6ffentlichkeitsarbeit<br \/>\n<\/strong>Marion Plesz und Amanda Cardona<\/p>\n<p class=\"pagePara\" style=\"text-align: center;\"><strong>Technische Koordination<\/strong><br \/>\nJuan Mu\u00f1oz, Raimund Fritz, Fabian Bedoya<\/p>\n<p class=\"pagePara\" style=\"text-align: center;\"><strong>K\u00fcnstlerische, technische und logistiche Unterst\u00fctzung<\/strong><br \/>\nErnst Kieninger, Florian Widegger, Rafael Rosal\u200b, El\u00edas Jim\u00e9nez, Giacomo Bounafina, Bianca Novotny, Tina Leisch,\u00a0 Carlos Toledo, Silvia Breus, Betty De La Cruz\u200b, Manuel M\u00e9ndez Huidobro\u200b, Fabian Guevara\u200b, Luis Cordero\u200b, Pedro Hern\u00e1ndez, Ismar Rivero, Laura Aya, Sebasti\u00e1n Fonseca, Thomas Mandorfer, Beatriz de Verona, Marco Antonio Sanhueza\u200b, Gottfried Steiner, Karina Gil Reiter\u200b, Laura Su\u00e1rez\u200b,\u00a0 Inti Lautaro\u200b Alava, Mauricio\u200b Aceves, Adriana Montiel Garcia\u200b, Harold Taylor, Nena Verona\u200b, Jaime Verona, Das Personal von Tin-Tan Tacobar, Los Mexikas, Fania Live, Fania Bar, Kulturraum Neruda, Manolos, FAA Bar,\u00a0 Metro Kinokulturhaus und Filmarchiv Austria<\/p>\n<p class=\"pagePara\" style=\"text-align: center;\"><strong>Texte<\/strong><br \/>\nStefanie Mayer, Enrique Bedoya, Fabian Bedoya<\/p>\n<p class=\"pagePara\" style=\"text-align: center;\"><strong>\u00dcbersetzungen<\/strong><br \/>\nStefanie Mayer, Karina Gil Reiter\u200b, Fabian Bedoya, Enrique Bedoya<\/p>\n<p style=\"text-align: center;\"><strong>Corporate, Image Identity und Web:<\/strong><br \/>\nEnrique Bedoya, Thomas Mandorfer, Carlos Toledo<\/p>\n<p class=\"pagePara\" style=\"text-align: center;\"><strong>Print Graphic Design<\/strong><br \/>\nCarlos Toledo<\/p>\n<p class=\"pagePara\" style=\"text-align: center;\"><strong>Fotografie<\/strong><br \/>\nAlessandra Naar, Stefanie Mayer, Enrique Bedoya<\/p>\n<p class=\"pagePara\" style=\"text-align: center;\"><strong>Organisationsteam<\/strong><br \/>\nKarina Gil Reiter\u200b, Stefanie Mayer,\u00a0 Christine Granzer, Amanda Cardona, Josefine Male, Marion Plesz, Enrique Bedoya<\/p>\n<p class=\"pagePara\" style=\"text-align: center;\"><strong>Diverse Unterst\u00fctzung<\/strong><br \/>\nAlessandra Naar, Amanda Cardona Schulte, Josefine Male, Bianca Cortes-Lehner, Tamara Mandler, Karina Gil Reiter\u200b, Christine Granzer, Luce Tinarrage-Marzais, Bianca Novotny, Sandra Popovic, Anna Golos, Bianca Hansabut, Carina M\u00fcnchebach, Svetla\u200b Kumhofer, Carolina Vihl, Lili Fr\u00f6stl, Daniel Granzer, Elisabeth Sch\u00fctter, Felix Capone, Francisca Felder, Jelena Stojkovic, Johannes Prammer, Melis Erol,\u00a0 Lara Schmidt, Magda Pernegger, Martin Schramm, Mathias Grether, Melis Erol, Patricia Hartl, Rainer Landl, Sonia Nogales, Sophie Kaiser, Yolanda Schrag, Anico Herbst, Manuel Harm, Eva Bend, Veronika Mandorfer<\/p>\n","protected":false},"excerpt":{"rendered":"<p>Nachspann Konzept und Festival Leitung Enrique Bedoya Programmkoordination Stefanie Mayer und Enrique Bedoya Internationale Koordination Stefanie Mayer und Enrique Bedoya Inhalt und Gestaltung Enrique Bedoya, Stefanie Mayer, Svetla Lazar, Christine Granzer \u00d6ffentlichkeitsarbeit Marion Plesz und Amanda Cardona Technische Koordination Juan Mu\u00f1oz, Raimund Fritz, Fabian Bedoya K\u00fcnstlerische, technische und logistiche Unterst\u00fctzung Ernst Kieninger, Florian Widegger, Rafael [&hellip;]<\/p>\n","protected":false},"author":1,"featured_media":0,"parent":0,"menu_order":0,"comment_status":"closed","ping_status":"closed","template":"","meta":{"footnotes":""},"class_list":["post-682","page","type-page","status-publish","hentry"],"acf":[],"_links":{"self":[{"href":"https:\/\/www.centroamerica.at\/XVMAFF2023\/wp-json\/wp\/v2\/pages\/682","targetHints":{"allow":["GET"]}}],"collection":[{"href":"https:\/\/www.centroamerica.at\/XVMAFF2023\/wp-json\/wp\/v2\/pages"}],"about":[{"href":"https:\/\/www.centroamerica.at\/XVMAFF2023\/wp-json\/wp\/v2\/types\/page"}],"author":[{"embeddable":true,"href":"https:\/\/www.centroamerica.at\/XVMAFF2023\/wp-json\/wp\/v2\/users\/1"}],"replies":[{"embeddable":true,"href":"https:\/\/www.centroamerica.at\/XVMAFF2023\/wp-json\/wp\/v2\/comments?post=682"}],"version-history":[{"count":0,"href":"https:\/\/www.centroamerica.at\/XVMAFF2023\/wp-json\/wp\/v2\/pages\/682\/revisions"}],"wp:attachment":[{"href":"https:\/\/www.centroamerica.at\/XVMAFF2023\/wp-json\/wp\/v2\/media?parent=682"}],"curies":[{"name":"wp","href":"https:\/\/api.w.org\/{rel}","templated":true}]}}