{"id":1539,"date":"2020-10-26T20:49:56","date_gmt":"2020-10-26T20:49:56","guid":{"rendered":"https:\/\/www.centroamerica.at\/XIVMAFF2022\/?page_id=1539"},"modified":"2020-10-26T20:49:56","modified_gmt":"2020-10-26T20:49:56","slug":"datenschutzerklaerung-2","status":"publish","type":"page","link":"https:\/\/www.centroamerica.at\/XVMAFF2023\/datenschutzerklaerung-2\/","title":{"rendered":"Datenschutzerkl\u00e4rung"},"content":{"rendered":"<h1 class=\"pageHeader\" style=\"text-align: center;\">Datenschutzerkl\u00e4rung<\/h1>\n<div class=\"motion-copy col-xs-12 col-sm-5 col-sm-offset-2\">\n<p>English  Version<br \/>\nVerantwortliche Stelle im Sinne der Datenschutzgesetze, insbesondere der EU-Datenschutzgrundverordnung (DSGVO), ist:<\/p>\n<p>Papaya Media Association<\/p>\n<p>Br\u00fcnner Strasse 31\/2\/34<\/p>\n<p>1210 Wien \u2013 \u00d6sterreich<\/p>\n<p>Tel. 00 43 69919227988<\/p>\n<p>office@papayamedia.org<\/p>\n<p>Ihre Betroffenenrechte<\/p>\n<p>Unter den angegebenen Kontaktdaten unseres Datenschutzbeauftragten k\u00f6nnen Sie jederzeit folgende Rechte aus\u00fcben:<\/p>\n<p>Auskunft \u00fcber Ihre bei uns gespeicherten Daten und deren Verarbeitung (Art. 15 DSGVO),<\/p>\n<p>Berichtigung unrichtiger personenbezogener Daten (Art. 16 DSGVO),<\/p>\n<p>L\u00f6schung Ihrer bei uns gespeicherten Daten (Art. 17 DSGVO),<\/p>\n<p>Einschr\u00e4nkung der Datenverarbeitung, sofern wir Ihre Daten aufgrund gesetzlicher Pflichten noch nicht l\u00f6schen d\u00fcrfen (Art. 18 DSGVO),<\/p>\n<p>Widerspruch gegen die Verarbeitung Ihrer Daten bei uns (Art. 21 DSGVO) und<\/p>\n<p>Daten\u00fcbertragbarkeit, sofern Sie in die Datenverarbeitung eingewilligt haben oder einen Vertrag mit uns abgeschlossen haben (Art. 20 DSGVO).<\/p>\n<p>Sofern Sie uns eine Einwilligung erteilt haben, k\u00f6nnen Sie diese jederzeit mit Wirkung f\u00fcr die Zukunft widerrufen.<\/p>\n<p>Sie k\u00f6nnen sich jederzeit mit einer Beschwerde an eine Aufsichtsbeh\u00f6rde wenden, z. B. an die zust\u00e4ndige Aufsichtsbeh\u00f6rde des Bundeslands Ihres Wohnsitzes oder an die f\u00fcr uns als verantwortliche Stelle zust\u00e4ndige Beh\u00f6rde.<\/p>\n<p>Eine Liste der Aufsichtsbeh\u00f6rden (f\u00fcr den nicht\u00f6ffentlichen Bereich) mit Anschrift finden Sie unter: https:\/\/www.bfdi.bund.de\/DE\/Infothek\/Anschriften_Links\/anschriften_links-node.html.<\/p>\n<p>Erfassung allgemeiner Informationen beim Besuch unserer Website<\/p>\n<p>Art und Zweck der Verarbeitung:<\/p>\n<p>Wenn Sie auf unsere Website zugreifen, d.h., wenn Sie sich nicht registrieren oder anderweitig Informationen \u00fcbermitteln, werden automatisch Informationen allgemeiner Natur erfasst. Diese Informationen (Server-Logfiles) beinhalten etwa die Art des Webbrowsers, das verwendete Betriebssystem, den Domainnamen Ihres Internet-Service-Providers, Ihre IP-Adresse und \u00e4hnliches.<\/p>\n<p>Sie werden insbesondere zu folgenden Zwecken verarbeitet:<\/p>\n<p>Sicherstellung eines problemlosen Verbindungsaufbaus der Website,<\/p>\n<p>Sicherstellung einer reibungslosen Nutzung unserer Website,<\/p>\n<p>Auswertung der Systemsicherheit und -stabilit\u00e4t sowie<\/p>\n<p>zu weiteren administrativen Zwecken.<\/p>\n<p>Wir verwenden Ihre Daten nicht, um R\u00fcckschl\u00fcsse auf Ihre Person zu ziehen. Informationen dieser Art werden von uns ggfs. statistisch ausgewertet, um unseren Internetauftritt und die dahinterstehende Technik zu optimieren.<\/p>\n<p>Rechtsgrundlage:<\/p>\n<p>Die Verarbeitung erfolgt gem\u00e4\u00df Art. 6 Abs. 1 lit. f DSGVO auf Basis unseres berechtigten Interesses an der Verbesserung der Stabilit\u00e4t und Funktionalit\u00e4t unserer Website.<\/p>\n<p>Empf\u00e4nger:<\/p>\n<p>Empf\u00e4nger der Daten sind ggf. technische Dienstleister, die f\u00fcr den Betrieb und die Wartung unserer Webseite als Auftragsverarbeiter t\u00e4tig werden.<\/p>\n<p>Speicherdauer:<\/p>\n<p>Die Daten werden gel\u00f6scht, sobald diese f\u00fcr den Zweck der Erhebung nicht mehr erforderlich sind. Dies ist f\u00fcr die Daten, die der Bereitstellung der Webseite dienen, grunds\u00e4tzlich der Fall, wenn die jeweilige Sitzung beendet ist.<\/p>\n<p>Bereitstellung vorgeschrieben oder erforderlich:<\/p>\n<p>Die Bereitstellung der vorgenannten personenbezogenen Daten ist weder gesetzlich noch vertraglich vorgeschrieben. Ohne die IP-Adresse ist jedoch der Dienst und die Funktionsf\u00e4higkeit unserer Website nicht gew\u00e4hrleistet. Zudem k\u00f6nnen einzelne Dienste und Services nicht verf\u00fcgbar oder eingeschr\u00e4nkt sein. Aus diesem Grund ist ein Widerspruch ausgeschlossen.<\/p>\n<p>Cookies<\/p>\n<p>Art und Zweck der Verarbeitung:<\/p>\n<p>Wie viele andere Webseiten verwenden wir auch so genannte \u201eCookies\u201c. Bei Cookies handelt es sich um kleine Textdateien, die auf Ihrem Endger\u00e4t (Laptop, Tablet, Smartphone o.\u00e4.) gespeichert werden, wenn Sie unsere Webseite besuchen.<\/p>\n<p>Hierdurch erhalten wir bestimmte Daten wie z. B. IP-Adresse, verwendeter Browser und Betriebssystem.<\/p>\n<p>Cookies k\u00f6nnen nicht verwendet werden, um Programme zu starten oder Viren auf einen Computer zu \u00fcbertragen. Anhand der in Cookies enthaltenen Informationen k\u00f6nnen wir Ihnen die Navigation erleichtern und die korrekte Anzeige unserer Webseiten erm\u00f6glichen.<\/p>\n<p>In keinem Fall werden die von uns erfassten Daten an Dritte weitergegeben oder ohne Ihre Einwilligung eine Verkn\u00fcpfung mit personenbezogenen Daten hergestellt.<\/p>\n<p>Nat\u00fcrlich k\u00f6nnen Sie unsere Website grunds\u00e4tzlich auch ohne Cookies betrachten. Internet-Browser sind regelm\u00e4\u00dfig so eingestellt, dass sie Cookies akzeptieren. Im Allgemeinen k\u00f6nnen Sie die Verwendung von Cookies jederzeit \u00fcber die Einstellungen Ihres Browsers deaktivieren. Bitte verwenden Sie die Hilfefunktionen Ihres Internetbrowsers, um zu erfahren, wie Sie diese Einstellungen \u00e4ndern k\u00f6nnen. Bitte beachten Sie, dass einzelne Funktionen unserer Website m\u00f6glicherweise nicht funktionieren, wenn Sie die Verwendung von Cookies deaktiviert haben.<\/p>\n<p>Speicherdauer und eingesetzte Cookies:<\/p>\n<p>Soweit Sie uns durch Ihre Browsereinstellungen oder Zustimmung die Verwendung von Cookies erlauben, k\u00f6nnen folgende Cookies auf unseren Webseiten zum Einsatz kommen:<\/p>\n<p>pll_language<\/p>\n<p>Cookie Zweck-Beschreibung: Dieses Cookie wird benutzt, um die bevorzugte Sprache des Besuchers festzustellen und die Sprache dementsprechend auf der Website ein zu stellen , wenn m\u00f6glich.<\/p>\n<p>Speicherdauer:1 Jahr<\/p>\n<p>Soweit diese Cookies (auch) personenbezogene Daten betreffen k\u00f6nnen, informieren wir Sie dar\u00fcber in den folgenden Abschnitten.<\/p>\n<p>Sie k\u00f6nnen \u00fcber Ihre Browsereinstellungen einzelne Cookies oder den gesamten Cookie-Bestand l\u00f6schen. Dar\u00fcber hinaus erhalten Sie Informationen und Anleitungen, wie diese Cookies gel\u00f6scht oder deren Speicherung vorab blockiert werden k\u00f6nnen. Je nach Anbieter Ihres Browsers finden Sie die notwendigen Informationen unter den nachfolgenden Links:<\/p>\n<p>Mozilla Firefox: https:\/\/support.mozilla.org\/de\/kb\/cookies-loeschen-daten-von-websites-entfernen<\/p>\n<p>Internet Explorer: https:\/\/support.microsoft.com\/de-de\/help\/17442\/windows-internet-explorer-delete-manage-cookies<\/p>\n<p>Google Chrome: https:\/\/support.google.com\/accounts\/answer\/61416?hl=de<\/p>\n<p>Opera: http:\/\/www.opera.com\/de\/help<\/p>\n<p>Safari: https:\/\/support.apple.com\/kb\/PH17191?locale=de_DE&#038;viewlocale=de_DE<\/p>\n<p>Kontaktformular<\/p>\n<p>Art und Zweck der Verarbeitung:<\/p>\n<p>Die von Ihnen eingegebenen Daten werden zum Zweck der individuellen Kommunikation mit Ihnen gespeichert. Hierf\u00fcr ist die Angabe einer validen E-Mail-Adresse sowie Ihres Namens erforderlich. Diese dient der Zuordnung der Anfrage und der anschlie\u00dfenden Beantwortung derselben. Die Angabe weiterer Daten ist optional.<\/p>\n<p>Rechtsgrundlage:<\/p>\n<p>Die Verarbeitung der in das Kontaktformular eingegebenen Daten erfolgt auf der Grundlage eines berechtigten Interesses (Art. 6 Abs. 1 lit. f DSGVO).<\/p>\n<p>Durch Bereitstellung des Kontaktformulars m\u00f6chten wir Ihnen eine unkomplizierte Kontaktaufnahme erm\u00f6glichen. Ihre gemachten Angaben werden zum Zwecke der Bearbeitung der Anfrage sowie f\u00fcr m\u00f6gliche Anschlussfragen gespeichert.<\/p>\n<p>Sofern Sie mit uns Kontakt aufnehmen, um ein Angebot zu erfragen, erfolgt die Verarbeitung der in das Kontaktformular eingegebenen Daten zur Durchf\u00fchrung vorvertraglicher Ma\u00dfnahmen (Art. 6 Abs. 1 lit. b DSGVO).<\/p>\n<p>Empf\u00e4nger:<\/p>\n<p>Empf\u00e4nger der Daten sind ggf. Auftragsverarbeiter.<\/p>\n<p>Speicherdauer:<\/p>\n<p>Daten werden sp\u00e4testens 6 Monate nach Bearbeitung der Anfrage gel\u00f6scht.<\/p>\n<p>Sofern es zu einem Vertragsverh\u00e4ltnis kommt, unterliegen wir den gesetzlichen Aufbewahrungsfristen nach HGB und l\u00f6schen Ihre Daten nach Ablauf dieser Fristen.<\/p>\n<p>Bereitstellung vorgeschrieben oder erforderlich:<\/p>\n<p>Die Bereitstellung Ihrer personenbezogenen Daten erfolgt freiwillig. Wir k\u00f6nnen Ihre Anfrage jedoch nur bearbeiten, sofern Sie uns Ihren Namen, Ihre E-Mail-Adresse und den Grund der Anfrage mitteilen.<\/p>\n<p>Verwendung von Scriptbibliotheken (Google Webfonts)<\/p>\n<p>Art und Zweck der Verarbeitung:<\/p>\n<p>Um unsere Inhalte browser\u00fcbergreifend korrekt und grafisch ansprechend darzustellen, verwenden wir auf dieser Website \u201eGoogle Web Fonts\u201c der Google LLC (1600 Amphitheatre Parkway, Mountain View, CA 94043, USA; nachfolgend \u201eGoogle\u201c) zur Darstellung von Schriften.<\/p>\n<p>Die Datenschutzrichtlinie des Bibliothekbetreibers Google finden Sie hier: https:\/\/www.google.com\/policies\/privacy\/<\/p>\n<p>Rechtsgrundlage:<\/p>\n<p>Rechtsgrundlage f\u00fcr die Einbindung von Google Webfonts und dem damit verbundenen Datentransfer zu Google ist Ihre Einwilligung (Art. 6 Abs. 1 lit. a DSGVO).<\/p>\n<p>Empf\u00e4nger:<\/p>\n<p>Der Aufruf von Scriptbibliotheken oder Schriftbibliotheken l\u00f6st automatisch eine Verbindung zum Betreiber der Bibliothek aus. Dabei ist es theoretisch m\u00f6glich \u2013 aktuell allerdings auch unklar ob und ggf. zu welchen Zwecken \u2013 dass der Betreiber in diesem Fall Google Daten erhebt.<\/p>\n<p>Speicherdauer:<\/p>\n<p>Wir erheben keine personenbezogenen Daten, durch die Einbindung von Google Webfonts.<\/p>\n<p>Weitere Informationen zu Google Web Fonts finden Sie unter https:\/\/developers.google.com\/fonts\/faq und in der Datenschutzerkl\u00e4rung von Google: https:\/\/www.google.com\/policies\/privacy\/.<\/p>\n<p>Drittlandtransfer:<\/p>\n<p>Google verarbeitet Ihre Daten in den USA und hat sich dem EU_US Privacy Shield unterworfen https:\/\/www.privacyshield.gov\/EU-US-Framework.<\/p>\n<p>Bereitstellung vorgeschrieben oder erforderlich:<\/p>\n<p>Die Bereitstellung der personenbezogenen Daten ist weder gesetzlich, noch vertraglich vorgeschrieben. Allerdings kann ohne die korrekte Darstellung der Inhalte von Standardschriften nicht erm\u00f6glicht werden.<\/p>\n<p>Widerruf der Einwilligung:<\/p>\n<p>Zur Darstellung der Inhalte wird regelm\u00e4\u00dfig die Programmiersprache JavaScript verwendet. Sie k\u00f6nnen der Datenverarbeitung daher widersprechen, indem Sie die Ausf\u00fchrung von JavaScript in Ihrem Browser deaktivieren oder einen Einbindung JavaScript-Blocker installieren. Bitte beachten Sie, dass es hierdurch zu Funktionseinschr\u00e4nkungen auf der Website kommen kann.<\/p>\n<p>SSL-Verschl\u00fcsselung<\/p>\n<p>Um die Sicherheit Ihrer Daten bei der \u00dcbertragung zu sch\u00fctzen, verwenden wir dem aktuellen Stand der Technik entsprechende Verschl\u00fcsselungsverfahren (z. B. SSL) \u00fcber HTTPS.<\/p>\n<p>\u00c4nderung unserer Datenschutzbestimmungen<\/p>\n<p>Wir behalten uns vor, diese Datenschutzerkl\u00e4rung anzupassen, damit sie stets den aktuellen rechtlichen Anforderungen entspricht oder um \u00c4nderungen unserer Leistungen in der Datenschutzerkl\u00e4rung umzusetzen, z.B. bei der Einf\u00fchrung neuer Services. F\u00fcr Ihren erneuten Besuch gilt dann die neue Datenschutzerkl\u00e4rung.<\/p>\n<p>Fragen an den Datenschutzbeauftragten<\/p>\n<p>Wenn Sie Fragen zum Datenschutz haben, schreiben Sie uns bitte eine E-Mail oder wenden Sie sich direkt an die f\u00fcr den Datenschutz verantwortliche Person in unserer Organisation:<\/p>\n<p>Die Datenschutzerkl\u00e4rung wurde mit dem <a href=\"https:\/\/www.activemind.de\/datenschutz\/generatoren\/datenschutzerklaerung\/\">Datenschutzerkl\u00e4rungs-Generator der activeMind AG erstellt <\/a> (Version 2018-09-24).\n<\/div>\n","protected":false},"excerpt":{"rendered":"<p>Datenschutzerkl\u00e4rung English Version Verantwortliche Stelle im Sinne der Datenschutzgesetze, insbesondere der EU-Datenschutzgrundverordnung (DSGVO), ist: Papaya Media Association Br\u00fcnner Strasse 31\/2\/34 1210 Wien \u2013 \u00d6sterreich Tel. 00 43 69919227988 office@papayamedia.org Ihre Betroffenenrechte Unter den angegebenen Kontaktdaten unseres Datenschutzbeauftragten k\u00f6nnen Sie jederzeit folgende Rechte aus\u00fcben: Auskunft \u00fcber Ihre bei uns gespeicherten Daten und deren Verarbeitung (Art. 15 [&hellip;]<\/p>\n","protected":false},"author":1,"featured_media":0,"parent":0,"menu_order":0,"comment_status":"closed","ping_status":"closed","template":"","meta":{"footnotes":""},"class_list":["post-1539","page","type-page","status-publish","hentry"],"acf":[],"_links":{"self":[{"href":"https:\/\/www.centroamerica.at\/XVMAFF2023\/wp-json\/wp\/v2\/pages\/1539","targetHints":{"allow":["GET"]}}],"collection":[{"href":"https:\/\/www.centroamerica.at\/XVMAFF2023\/wp-json\/wp\/v2\/pages"}],"about":[{"href":"https:\/\/www.centroamerica.at\/XVMAFF2023\/wp-json\/wp\/v2\/types\/page"}],"author":[{"embeddable":true,"href":"https:\/\/www.centroamerica.at\/XVMAFF2023\/wp-json\/wp\/v2\/users\/1"}],"replies":[{"embeddable":true,"href":"https:\/\/www.centroamerica.at\/XVMAFF2023\/wp-json\/wp\/v2\/comments?post=1539"}],"version-history":[{"count":0,"href":"https:\/\/www.centroamerica.at\/XVMAFF2023\/wp-json\/wp\/v2\/pages\/1539\/revisions"}],"wp:attachment":[{"href":"https:\/\/www.centroamerica.at\/XVMAFF2023\/wp-json\/wp\/v2\/media?parent=1539"}],"curies":[{"name":"wp","href":"https:\/\/api.w.org\/{rel}","templated":true}]}}