{"id":84,"date":"2019-10-05T14:49:34","date_gmt":"2019-10-05T14:49:34","guid":{"rendered":"https:\/\/www.centroamerica.at\/XIVMAFF2022\/?page_id=84"},"modified":"2022-10-09T09:31:38","modified_gmt":"2022-10-09T09:31:38","slug":"dasfestival","status":"publish","type":"page","link":"https:\/\/www.centroamerica.at\/XIVMAFF2022\/dasfestival\/","title":{"rendered":"Das Festival"},"content":{"rendered":"<h1 class=\"pageHeader\" style=\"text-align: center;\">Das Mittelamerikanische Filmfestival 2022 in Wien<\/h1>\n<div class=\"motion-copy col-xs-12 col-sm-5 col-sm-offset-2\">\n<p>\u00a1Viva la sensibilidad!<\/p>\n<p>In diesem Jahr wollen wir dazu einladen, Sensibilit\u00e4t und Feingef\u00fchl zu feiern. Die Vorliebe f\u00fcr spannendes Kino, das mit Gef\u00fchl verbunden ist, zieht uns bis in den S\u00fcden Mexikos \u2013 und weiter, denn selbst Produktionen mit asiatischem Touch fanden heuer Eingang in unser Programm!<\/p>\n<p>Doch nat\u00fcrlich bieten wir auch typisch Zentralamerikanisches! Er\u00f6ffnet wird das Festival mit einem guatemaltekischen Spielfilm, der uns mit G\u00e4nsehaut f\u00fcr die gesamte Woche versorgt. Aber nicht nur Spannung zeichnet unser Programm dieses Jahr aus, f\u00fcr jede Stimmungslage ist etwas dabei.<\/p>\n<p>Traditionsgem\u00e4\u00df zeigen wir politisches Kino: zum einen die Geschichte des Journalisten El\u00edas Barahona, der sich in den 1970ern in die guatemaltekische Regierung einschleuste, zum anderen jene der honduranischen Menschenrechts- und Umweltaktivistin Berta C\u00e1ceres. Auch unser beliebtes Kurzfilmformat, das die Vielfalt der zentralamerikanischen Kinoproduktionen in nur einer Vorstellung vereint, steht ganz im Zeichen der Sensibilit\u00e4t und gibt einen empathischen Einblick in herausfordernde Lebenslagen.<\/p>\n<p>Wie immer wird unser Filmprogramm von tollen G\u00e4sten begleitet und von Live-Musik umrahmt. Zudem bieten Schulveranstaltungen eine gro\u00dfartige M\u00f6glichkeit, durch didaktisiertes Material und Diskussionen vor Ort den Unterricht zu erg\u00e4nzen.<\/p>\n<p>Im Einklang mit den Botschaften der Festivalfilme widmen wir das MAFF 2022 all jenen, die ihre Sensibilit\u00e4t bewahrt haben, die Augen offenhalten und die f\u00fcr ihre Mitmenschen da sind. Wir lieben eure Liebe!<\/p>\n<p>S\u00ed a la sensibilidad y al amor.<\/p>\n<\/div>\n<p class=\"pagePara\">\u00a1Nos vemos en el cine!<\/p>\n<p>&nbsp;<\/p>\n<p class=\"pagePara\"><a href=\"https:\/\/www.centroamerica.at\/XIVMAFF2022\/nachspann\/\">Nachspann<\/a><\/p>\n<p class=\"pagePara\"><a href=\"https:\/\/www.centroamerica.at\/XIVMAFF2022\/die-preise\/\">Die Preise<\/a><\/p>\n<p style=\"text-align: left;\"><a href=\"https:\/\/www.centroamerica.at\/XIVMAFF2022\/presse\/\">Presse Files<\/a><\/p>\n","protected":false},"excerpt":{"rendered":"<p>Das Mittelamerikanische Filmfestival 2022 in Wien \u00a1Viva la sensibilidad! In diesem Jahr wollen wir dazu einladen, Sensibilit\u00e4t und Feingef\u00fchl zu feiern. Die Vorliebe f\u00fcr spannendes Kino, das mit Gef\u00fchl verbunden ist, zieht uns bis in den S\u00fcden Mexikos \u2013 und weiter, denn selbst Produktionen mit asiatischem Touch fanden heuer Eingang in unser Programm! Doch nat\u00fcrlich [&hellip;]<\/p>\n","protected":false},"author":1,"featured_media":0,"parent":0,"menu_order":0,"comment_status":"closed","ping_status":"closed","template":"","meta":[],"acf":[],"_links":{"self":[{"href":"https:\/\/www.centroamerica.at\/XIVMAFF2022\/wp-json\/wp\/v2\/pages\/84"}],"collection":[{"href":"https:\/\/www.centroamerica.at\/XIVMAFF2022\/wp-json\/wp\/v2\/pages"}],"about":[{"href":"https:\/\/www.centroamerica.at\/XIVMAFF2022\/wp-json\/wp\/v2\/types\/page"}],"author":[{"embeddable":true,"href":"https:\/\/www.centroamerica.at\/XIVMAFF2022\/wp-json\/wp\/v2\/users\/1"}],"replies":[{"embeddable":true,"href":"https:\/\/www.centroamerica.at\/XIVMAFF2022\/wp-json\/wp\/v2\/comments?post=84"}],"version-history":[{"count":8,"href":"https:\/\/www.centroamerica.at\/XIVMAFF2022\/wp-json\/wp\/v2\/pages\/84\/revisions"}],"predecessor-version":[{"id":2829,"href":"https:\/\/www.centroamerica.at\/XIVMAFF2022\/wp-json\/wp\/v2\/pages\/84\/revisions\/2829"}],"wp:attachment":[{"href":"https:\/\/www.centroamerica.at\/XIVMAFF2022\/wp-json\/wp\/v2\/media?parent=84"}],"curies":[{"name":"wp","href":"https:\/\/api.w.org\/{rel}","templated":true}]}}