{"id":682,"date":"2019-10-19T18:01:06","date_gmt":"2019-10-19T18:01:06","guid":{"rendered":"https:\/\/www.centroamerica.at\/XIMAFF2019\/?page_id=682"},"modified":"2019-11-24T20:24:10","modified_gmt":"2019-11-24T20:24:10","slug":"nachspann","status":"publish","type":"page","link":"https:\/\/www.centroamerica.at\/XIMAFF2019\/nachspann\/","title":{"rendered":"Nachspann"},"content":{"rendered":"<h1 class=\"pageHeader\" style=\"text-align: center;\">Nachspann<\/h1>\n<p class=\"pagePara\" style=\"text-align: center;\"><strong>Konzept und Festival Leitung<\/strong><br \/>\nEnrique Bedoya<\/p>\n<p class=\"pagePara\" style=\"text-align: center;\"><strong>Programmkoordination<\/strong><br \/>\nAnico Herbst, Stefanie Mayer und Enrique Bedoya<\/p>\n<p class=\"pagePara\" style=\"text-align: center;\"><strong>Internationale Koordination<\/strong><br \/>\nEnrique Bedoya und Karina Gil-Reiter<\/p>\n<p class=\"pagePara\" style=\"text-align: center;\"><strong>Inhalt und Gestaltung<\/strong><br \/>\nEnrique Bedoya, Anico Herbst, Svetla Kumhofer<\/p>\n<p class=\"pagePara\" style=\"text-align: center;\"><strong>Technische Koordination<\/strong><br \/>\nHarold Taylor, Ioanes H. Sinderman, Florian Widegger, Raimund Fritz<\/p>\n<p class=\"pagePara\" style=\"text-align: center;\"><strong>K\u00fcnstlerische, technische und logistiche Unterst\u00fctzung<\/strong><br \/>\nErnst Kieninger, Florian Widegger, Rafael Rosal\u200b, El\u00edas Jim\u00e9nez, Jakob Jim\u00e9nez, Sebastian Felder, Giacomo Bounafina, Ario Marzban, Judith Kutnjak, Ana\u00efs Taracena, Patricia Vel\u00e1squez, Iv\u00e1n Porras, A. Fern\u00e1ndez, Fernando Mu\u00f1oz, Roberto Villalta, \u00c1lvaro Torres Crespo, Jo\u00e9l Jim\u00e9nez, Mart\u00edn Oliveros Heize, Arturo S\u00e1nchez del Villar, Julio L\u00f3pez Fern\u00e1ndez, Mar\u00eda Jos\u00e9 \u00c1lvarez, Eduardo Spiegeler *,\u00a0 Yamil Antonio Rodr\u00edguez, Santiago Nacif Cabrera, Juan Andr\u00e9s Mart\u00ednez, Laura Baumeister, Verenice Mora, Alejandro Irias, Laura Berm\u00fadez, Nohely Barahona, Klisman Cifuentes, Antonella Sudasassi, Mathias Tenenbaum, John Dickie, Alejandro Ortega, Oliver Stiller, Francisco Laresgoiti, Ana Bustamante Cruz, Enmanuel Mart\u00ednez Corn\u00f3, Jos\u00e9 Daniel Cerdas, Aurora S\u00e1nchez Nadal, Roberto Persano, Sergio V\u00e1ldez, Javier Borrayo, \u00c1ngel Maldonado, Fernando L\u00f3pez, Alejo Cris\u00f3stomo, Katherine Mendoza, Janina M\u00f6bius, Aris Rodr\u00edguez Mariota, Gloria Carri\u00f3n Fonseca,\u00a0 Jurek Jablonicky, Jakob Waltner, Ioanes H. Sinderman\u200b, Juan Mu\u00f1oz\u200b,\u00a0 Tina Leisch, Carlos Toledo\u200b, Silvia Breus, Betty De La Cruz\u200b, Alcides Ponce Benavente, Manuel Mendez Huidobro\u200b, Fabian Guevara\u200b, Luis Cordero\u200b, Carolina Nietsche, Beatriz de Verona, Marco Antonio Sanhueza\u200b, Gottfried Steiner, Karina Gil Reiter\u200b, Laura Su\u00e1rez\u200b, Gabino Bosques, Janiel Kovatsch\u200b, Inti Lautaro\u200b Alava, Mauricio\u200b Aceves, Adriana Montiel Garcia\u200b, Harold Taylor, Nena Verona\u200b, Samuel Montoya, Rafa\u00e9l Neira Wolf, Hannes Laszakovits, Joel Quezada Villalobos, Lilliam Armijo, Teresa Gruber, Carlos Toledo, Veron\u00edca Monz\u00f3n, Florian Kolomaznik, Kennet Taylor, Amaya Izquierdo, Jaime Verona, Das Personal von Florianihof Cafe, Tin-Tan Tacobar, Los Mexikas, Fania Live, Fania Bar, Kulturraum Neruda, Mezcaler\u00eda El Feo, Manolos, Metro Kinokulturhaus und Filmarchiv Austria<\/p>\n<p class=\"pagePara\" style=\"text-align: center;\"><strong>Texte<\/strong><br \/>\nAnico Herbst, Stefanie Mayer, Enrique Bedoya, Fabian Bedoya, Pily Lendl, Carolina Nietsche<\/p>\n<p class=\"pagePara\" style=\"text-align: center;\"><strong>\u00dcbersetzungen<\/strong><br \/>\nStefanie Mayer, Svetla\u200b Kumhofer, Karina Gil Reiter\u200b, Carolina Nietsche, Eva Maria Resch, Rana Ren\u00e9, Fabian Bedoya, Enrique Bedoya<\/p>\n<p style=\"text-align: center;\"><strong>Corporate, Image Identity und Web:<\/strong><br \/>\nEnrique Bedoya, Thomas Mandorfer, Carlos Toledo, Anico Herbst<\/p>\n<p class=\"pagePara\" style=\"text-align: center;\"><strong>Print Graphic Design<\/strong><br \/>\nCarlos Toledo<\/p>\n<p class=\"pagePara\" style=\"text-align: center;\"><strong>Fotografie<\/strong><br \/>\nJuan Mu\u00f1oz, Carolina Luz Bermejo, Jacobita Molina, Anico Herbst, Karina Gil Reiter, Ranier Landl, Gabriel Rizar, Enrique Bedoya<\/p>\n<p class=\"pagePara\" style=\"text-align: center;\"><strong>Organisationsteam<\/strong><br \/>\nJudith Kutnjak, Monikan Fellner, Svetla\u200b Kumhofer, Karina Gil Reiter\u200b, Carolina Nietsche, Anico Herbst, Stefanie Mayer, Enrique Bedoya<\/p>\n<p class=\"pagePara\" style=\"text-align: center;\"><strong>Diverse Unterst\u00fctzung<\/strong><br \/>\nSvetla\u200b Kumhofer, Karina Gil Reiter\u200b, Fabian Bedoya, Friedrich Futternecht, Laura Su\u00e1rez, Carolina Nietsche, Judith Kutnjak, Rainer Landl, Stefanie Mayer, Monika Fellner, Jakob Waltner, Patricia Medrano Rojas, Lucia M\u00e9ndez, Afra Selda, Nikita Isakov, Elori Rodas, Fanny Geider, Sebastian Felder, Carolina Ober, Isabel Cristina S\u00e1nchez, Lavinia Corciu, Mar\u00eda Hern\u00e1ndez, Eszko Orihuela, Viktoria Maria H\u00f6fler, Laura Legat, S\u00e1ra N\u00ed Eithir,\u00a0 Bianca Mazzini Fei, Eva Maria Resch, Stephan Kummerfeldt Figueroa, Ingrid Rohrer, Bianca Novotny, Ilias Savrakidis, Um\u00e1n Rodr\u00edguez, Veronika Mandorfer,\u00a0 Ana Barillas, Hermann Klosius, Florentin Futternecht<\/p>\n","protected":false},"excerpt":{"rendered":"<p>Nachspann Konzept und Festival Leitung Enrique Bedoya Programmkoordination Anico Herbst, Stefanie Mayer und Enrique Bedoya Internationale Koordination Enrique Bedoya und Karina Gil-Reiter Inhalt und Gestaltung Enrique Bedoya, Anico Herbst, Svetla Kumhofer Technische Koordination Harold Taylor, Ioanes H. Sinderman, Florian Widegger, Raimund Fritz K\u00fcnstlerische, technische und logistiche Unterst\u00fctzung Ernst Kieninger, Florian Widegger, Rafael Rosal\u200b, El\u00edas Jim\u00e9nez, [&hellip;]<\/p>\n","protected":false},"author":2,"featured_media":0,"parent":0,"menu_order":0,"comment_status":"closed","ping_status":"closed","template":"","meta":[],"acf":[],"_links":{"self":[{"href":"https:\/\/www.centroamerica.at\/XIMAFF2019\/wp-json\/wp\/v2\/pages\/682"}],"collection":[{"href":"https:\/\/www.centroamerica.at\/XIMAFF2019\/wp-json\/wp\/v2\/pages"}],"about":[{"href":"https:\/\/www.centroamerica.at\/XIMAFF2019\/wp-json\/wp\/v2\/types\/page"}],"author":[{"embeddable":true,"href":"https:\/\/www.centroamerica.at\/XIMAFF2019\/wp-json\/wp\/v2\/users\/2"}],"replies":[{"embeddable":true,"href":"https:\/\/www.centroamerica.at\/XIMAFF2019\/wp-json\/wp\/v2\/comments?post=682"}],"version-history":[{"count":10,"href":"https:\/\/www.centroamerica.at\/XIMAFF2019\/wp-json\/wp\/v2\/pages\/682\/revisions"}],"predecessor-version":[{"id":1033,"href":"https:\/\/www.centroamerica.at\/XIMAFF2019\/wp-json\/wp\/v2\/pages\/682\/revisions\/1033"}],"wp:attachment":[{"href":"https:\/\/www.centroamerica.at\/XIMAFF2019\/wp-json\/wp\/v2\/media?parent=682"}],"curies":[{"name":"wp","href":"https:\/\/api.w.org\/{rel}","templated":true}]}}