{"id":422,"date":"2019-10-14T21:32:30","date_gmt":"2019-10-14T21:32:30","guid":{"rendered":"https:\/\/www.centroamerica.at\/XIMAFF2019\/?page_id=422"},"modified":"2019-10-22T10:11:23","modified_gmt":"2019-10-22T10:11:23","slug":"abschlussfest","status":"publish","type":"page","link":"https:\/\/www.centroamerica.at\/XIMAFF2019\/abschlussfest\/","title":{"rendered":"Abschlussfeier &#8211; Fiesta Popular"},"content":{"rendered":"<h1 class=\"pageHeader\">FIESTA POPULAR &#8211; ABSCHLUSSFEST XI. MITTELAMERIKANISCHES FILMFESTIVAL WIEN 2019<\/h1>\n<p class=\"western\">Zum traditionellen legend\u00e4ren Abschlussfest l\u00e4dt Papaya Media dieses Jahr ins Fanialive ein. Da Mexiko heuer unser Ehrengastland ist und Mexikaner bekanntlich gescheit feiern, wird sich das auch in unserem Fest widerspiegeln. Sxmuel und Pacheco werden ordentlich einheizen und K\u00f6stlichkeiten wird TINTAN anbieten.<\/p>\n<p>Hier unsere Bands vom feinsten:<\/p>\n<p><a href=\"https:\/\/www.facebook.com\/sxmuelmusic\/\" target=\"_blank\" rel=\"noopener noreferrer\">Sxmuel Music<\/a><br \/>\nNach verschiedenen Touren als Multiinstrumentalist durch ganz Europa entscheidet Sxmuel sich 2018 f\u00fcr eine Pause, um sein erstes Hip Hop Album \u201eRevoluci\u00f3n&#8221;, indem er soziale Themen anspricht, zu produzieren. Das Album, dessen Songs u.a. mit Unterst\u00fctzung von Grammy-Gewinnern wie Brian Gardner und Sterling Sound entstanden sind, wurde im selben Jahr auch durch die SKE der AustroMechana ausgezeichnet. <a href=\"https:\/\/www.facebook.com\/sxmuelmusic1\" target=\"_blank\" rel=\"noopener noreferrer\">Sxmuel<\/a> Musik ist auf allen digitalen Plattformen erh\u00e4ltlich und wird \u00fcberall in Lateinamerika geh\u00f6rt. Seine neuen Singles sind eine Mischung aus Dancehall und afro-karibischer Parranda mit besonderen Texten und hoher Soundqualit\u00e4t&#8230; urbane Musik f\u00fcr Party-Stimmung!<\/p>\n<p><a href=\"https:\/\/distrokid.com\/hyperfollow\/sxmuel\/afromaya-evolucin\">AfroMaya Evolution<\/a><\/p>\n<p><a href=\"https:\/\/www.facebook.com\/pachecorocks\/\" target=\"_blank\" rel=\"noopener noreferrer\">PACHECO<\/a><br \/>\nSka, Reggae und Latino-Rock aus Wien<br \/>\nFetzig, hei\u00df und emotional!<br \/>\nIhre Musik ist eine pulsierende Liebeserkl\u00e4rung an das Leben.<br \/>\nIhre Texte sind ein leidenschaftlicher Aufruf zu mehr Solidarit\u00e4t und Respekt, wie ein w\u00fctender Schrei nach Freiheit und mehr Eigenverantwortung angesichts einer Weltgesellschaft auf Selbstzerst\u00f6rungs-Kurs.<br \/>\nRafael\u00b4s einzigartige tiefe Stimme geht unter die Haut, Paco singende Basslines und die Latin-Style-Bl\u00e4ser-Section geben dem treibenden Sound der Band Farbe und Sinn.<br \/>\nPACHECO sind eine Live-Band, die es versteht gemeinsam mit ihrem Publikum eine exzessive Party zu feiern.<br \/>\nArriba la euforia, arriba el amor y la solidaridad!<br \/>\nAbajo la corrupcion, abajo la violencia y el machismo!<br \/>\n<a href=\"https:\/\/www.facebook.com\/hashtag\/pachecorocks\" target=\"_blank\" rel=\"noopener noreferrer\">#pachecorocks<\/a><\/p>\n<p>DJ WHISKY<br \/>\nUnd wenn der Kochtopf brodelt und die Tanzlaune weitergeht, dann wird DJ Whisky f\u00fcr ordentliche besten Latino Hits, Salsa, Merengue, Bachata, Ska sorgen, um die ganze Nacht zu feiern!. A Bailar y Bailar!<\/p>\n<p>Also lasst Euch nichts entgehen! Beginn ab 20 Uhr! Seid dabei und feiert mit uns diese Samstagnacht durch! Au\u00dferdem geben wir die Publikumspreise bekannt und laden herzlich ein, mit uns fr\u00f6hlich das Leben ausgelassen zu feiern!<\/p>\n<p>\u00bfD\u00f3nde? -&gt; <a href=\"https:\/\/www.facebook.com\/Fanialive\/\" target=\"_blank\" rel=\"noopener noreferrer\">FANIALIVE<\/a>\u00a0(G\u00fcrtellinie U-Bahn Bogen 22+23, 1080 Vienna, U6 Station Thaliastrasse)<br \/>\n\u00bfCu\u00e1ndo? -&gt; SAMSTAG, 23. 11. 2019 \/ ab 20h<br \/>\n\u00bfM\u00fasica? -&gt; <a href=\"https:\/\/www.facebook.com\/sxmuelmusic\/\" target=\"_blank\" rel=\"noopener noreferrer\">SXMUEL MUSIC<\/a>\u00a0\/ <a href=\"https:\/\/www.facebook.com\/pachecorocks\/\" target=\"_blank\" rel=\"noopener noreferrer\">PACHECO<\/a> \/ DJ WHISKY<br \/>\n\u00bfLos tragos? <a href=\"https:\/\/www.facebook.com\/Fanialive\/\" target=\"_blank\" rel=\"noopener noreferrer\">FANIALIVE<\/a><br \/>\n\u00bfLa Comida? -&gt; <a href=\"https:\/\/www.facebook.com\/Tin-Tan-TacoBar-508745215843046\/\" target=\"_blank\" rel=\"noopener noreferrer\">TiN-TAN TACO &amp; BAR<\/a><\/p>\n<p><img loading=\"lazy\" class=\"alignnone size-full wp-image-531\" src=\"https:\/\/www.centroamerica.at\/XIMAFF2019\/wp-content\/uploads\/2019\/10\/clossingparty-2019.jpg\" alt=\"\" width=\"500\" height=\"262\" srcset=\"https:\/\/www.centroamerica.at\/XIMAFF2019\/wp-content\/uploads\/2019\/10\/clossingparty-2019.jpg 500w, https:\/\/www.centroamerica.at\/XIMAFF2019\/wp-content\/uploads\/2019\/10\/clossingparty-2019-300x157.jpg 300w\" sizes=\"(max-width: 500px) 100vw, 500px\" \/><\/p>\n","protected":false},"excerpt":{"rendered":"<p>FIESTA POPULAR &#8211; ABSCHLUSSFEST XI. MITTELAMERIKANISCHES FILMFESTIVAL WIEN 2019 Zum traditionellen legend\u00e4ren Abschlussfest l\u00e4dt Papaya Media dieses Jahr ins Fanialive ein. Da Mexiko heuer unser Ehrengastland ist und Mexikaner bekanntlich gescheit feiern, wird sich das auch in unserem Fest widerspiegeln. Sxmuel und Pacheco werden ordentlich einheizen und K\u00f6stlichkeiten wird TINTAN anbieten. Hier unsere Bands vom [&hellip;]<\/p>\n","protected":false},"author":2,"featured_media":0,"parent":0,"menu_order":0,"comment_status":"closed","ping_status":"closed","template":"","meta":[],"acf":[],"_links":{"self":[{"href":"https:\/\/www.centroamerica.at\/XIMAFF2019\/wp-json\/wp\/v2\/pages\/422"}],"collection":[{"href":"https:\/\/www.centroamerica.at\/XIMAFF2019\/wp-json\/wp\/v2\/pages"}],"about":[{"href":"https:\/\/www.centroamerica.at\/XIMAFF2019\/wp-json\/wp\/v2\/types\/page"}],"author":[{"embeddable":true,"href":"https:\/\/www.centroamerica.at\/XIMAFF2019\/wp-json\/wp\/v2\/users\/2"}],"replies":[{"embeddable":true,"href":"https:\/\/www.centroamerica.at\/XIMAFF2019\/wp-json\/wp\/v2\/comments?post=422"}],"version-history":[{"count":17,"href":"https:\/\/www.centroamerica.at\/XIMAFF2019\/wp-json\/wp\/v2\/pages\/422\/revisions"}],"predecessor-version":[{"id":803,"href":"https:\/\/www.centroamerica.at\/XIMAFF2019\/wp-json\/wp\/v2\/pages\/422\/revisions\/803"}],"wp:attachment":[{"href":"https:\/\/www.centroamerica.at\/XIMAFF2019\/wp-json\/wp\/v2\/media?parent=422"}],"curies":[{"name":"wp","href":"https:\/\/api.w.org\/{rel}","templated":true}]}}