{"id":682,"date":"2019-10-19T18:01:06","date_gmt":"2019-10-19T18:01:06","guid":{"rendered":"https:\/\/www.centroamerica.at\/XIIMAFF2020\/?page_id=682"},"modified":"2020-11-13T20:45:54","modified_gmt":"2020-11-13T20:45:54","slug":"nachspann","status":"publish","type":"page","link":"https:\/\/www.centroamerica.at\/XIIMAFF2020\/nachspann\/","title":{"rendered":"Nachspann"},"content":{"rendered":"<h1 class=\"pageHeader\" style=\"text-align: center;\">Nachspann<\/h1>\n<p class=\"pagePara\" style=\"text-align: center;\"><strong>Konzept und Festival Leitung<\/strong><br \/>\nEnrique Bedoya<\/p>\n<p class=\"pagePara\" style=\"text-align: center;\"><strong>Programmkoordination<\/strong><br \/>\nStefanie Mayer und Enrique Bedoya<\/p>\n<p class=\"pagePara\" style=\"text-align: center;\"><strong>Internationale Koordination<\/strong><br \/>\nStefanie Mayer und Enrique Bedoya<\/p>\n<p class=\"pagePara\" style=\"text-align: center;\"><strong>Inhalt und Gestaltung<\/strong><br \/>\nEnrique Bedoya, Judith Kutnjak und Stefanie Mayer<\/p>\n<p style=\"text-align: center;\"><strong>\u00d6ffentlichkeitsarbeit<br \/>\n<\/strong>Judith Kuntjak, Alexander Furtner<\/p>\n<p class=\"pagePara\" style=\"text-align: center;\"><strong>Technische Koordination<\/strong><br \/>\nSamuel Montoya, Ioanes H. Sinderman, Florian Widegger, Raimund Fritz<\/p>\n<p class=\"pagePara\" style=\"text-align: center;\"><strong>K\u00fcnstlerische, technische und logistiche Unterst\u00fctzung<\/strong><br \/>\nErnst Kieninger,\u00a0 Samuel Montoya, Florian Widegger, Rafael Rosal\u200b, El\u00edas Jim\u00e9nez, Jakob Jim\u00e9nez, Giacomo Bounafina, Judith Kutnjak, Anico Herbst, Jakob Waltner, Ioanes H. Sinderman\u200b, Tina Leisch, Oliver Stiller, Mart\u00edn Oliveros Heinze, Carlos Toledo\u200b, Silvia Breus, Betty De La Cruz\u200b, Alcides Ponce Benavente, Manuel Mendez Huidobro\u200b, Fabian Guevara\u200b, Luis Cordero\u200b, Beatriz de Verona, Marco Antonio Sanhueza\u200b, Gottfried Steiner, Karina Gil Reiter\u200b, Laura Su\u00e1rez\u200b,\u00a0 Inti Lautaro\u200b Alava, Mauricio\u200b Aceves, Adriana Montiel Garcia\u200b, Harold Taylor, Nena Verona\u200b, Carlos Toledo, Veron\u00edca Monz\u00f3n, Florian Kolomaznik, Jaime Verona, Das Personal von Tin-Tan Tacobar, Los Mexikas, Fania Live, Fania Bar, Kulturraum Neruda, Manolos, Metro Kinokulturhaus und Filmarchiv Austria<\/p>\n<p class=\"pagePara\" style=\"text-align: center;\"><strong>Texte<\/strong><br \/>\nPily Lend, Anico Herbst, Stefanie Mayer, Judith Kuntjak, Alexander Furtner, Enrique Bedoya, Fabian Bedoya<\/p>\n<p class=\"pagePara\" style=\"text-align: center;\"><strong>\u00dcbersetzungen<\/strong><br \/>\nStefanie Mayer, Alexander Furtner, Karina Gil Reiter\u200b, Eva Maria Resch, Rana Ren\u00e9, Rosa Valentina Martino, Manuel Harm, Alexander Furtner, Stefan Schl\u00f6glmann, Alina Cibea, Afra Selda, Fabian Bedoya, Enrique Bedoya<\/p>\n<p style=\"text-align: center;\"><strong>Corporate, Image Identity und Web:<\/strong><br \/>\nEnrique Bedoya, Thomas Mandorfer, Carlos Toledo<\/p>\n<p class=\"pagePara\" style=\"text-align: center;\"><strong>Print Graphic Design<\/strong><br \/>\nCarlos Toledo<\/p>\n<p class=\"pagePara\" style=\"text-align: center;\"><strong>Fotografie<\/strong><br \/>\nAnico Herbst, Enrique Bedoya<\/p>\n<p class=\"pagePara\" style=\"text-align: center;\"><strong>Organisationsteam<\/strong><br \/>\nJudith Kutnjak, Monikan Fellner, Svetla\u200b Kumhofer, Karina Gil Reiter\u200b, Stefanie Mayer,\u00a0 Rosa Valentina Martino, Manuel Harm, Alexander Furtner, Stefan Schl\u00f6glmann, Alina Cibea, Afra Selda, Enrique Bedoya<\/p>\n<p class=\"pagePara\" style=\"text-align: center;\"><strong>Diverse Unterst\u00fctzung<\/strong><br \/>\nSvetla\u200b Kumhofer, Karina Gil Reiter\u200b, Pily Lendl, Fabian Bedoya, Friedrich Futternecht, Laura Su\u00e1rez, Judith Kutnjak, Stefanie Mayer, Monika Fellner, Jakob Waltner, Lucia M\u00e9ndez, Afra Selda, Eva Maria Resch, Bianca Novotny, Ilias Savrakidis, Um\u00e1n Rodr\u00edguez, Veronika Mandorfer,\u00a0 Hermann Klosius<\/p>\n","protected":false},"excerpt":{"rendered":"<p>Nachspann Konzept und Festival Leitung Enrique Bedoya Programmkoordination Stefanie Mayer und Enrique Bedoya Internationale Koordination Stefanie Mayer und Enrique Bedoya Inhalt und Gestaltung Enrique Bedoya, Judith Kutnjak und Stefanie Mayer \u00d6ffentlichkeitsarbeit Judith Kuntjak, Alexander Furtner Technische Koordination Samuel Montoya, Ioanes H. Sinderman, Florian Widegger, Raimund Fritz K\u00fcnstlerische, technische und logistiche Unterst\u00fctzung Ernst Kieninger,\u00a0 Samuel Montoya, [&hellip;]<\/p>\n","protected":false},"author":2,"featured_media":0,"parent":0,"menu_order":0,"comment_status":"closed","ping_status":"closed","template":"","meta":[],"acf":[],"_links":{"self":[{"href":"https:\/\/www.centroamerica.at\/XIIMAFF2020\/wp-json\/wp\/v2\/pages\/682"}],"collection":[{"href":"https:\/\/www.centroamerica.at\/XIIMAFF2020\/wp-json\/wp\/v2\/pages"}],"about":[{"href":"https:\/\/www.centroamerica.at\/XIIMAFF2020\/wp-json\/wp\/v2\/types\/page"}],"author":[{"embeddable":true,"href":"https:\/\/www.centroamerica.at\/XIIMAFF2020\/wp-json\/wp\/v2\/users\/2"}],"replies":[{"embeddable":true,"href":"https:\/\/www.centroamerica.at\/XIIMAFF2020\/wp-json\/wp\/v2\/comments?post=682"}],"version-history":[{"count":21,"href":"https:\/\/www.centroamerica.at\/XIIMAFF2020\/wp-json\/wp\/v2\/pages\/682\/revisions"}],"predecessor-version":[{"id":1806,"href":"https:\/\/www.centroamerica.at\/XIIMAFF2020\/wp-json\/wp\/v2\/pages\/682\/revisions\/1806"}],"wp:attachment":[{"href":"https:\/\/www.centroamerica.at\/XIIMAFF2020\/wp-json\/wp\/v2\/media?parent=682"}],"curies":[{"name":"wp","href":"https:\/\/api.w.org\/{rel}","templated":true}]}}