{"id":84,"date":"2019-10-05T14:49:34","date_gmt":"2019-10-05T14:49:34","guid":{"rendered":"https:\/\/www.centroamerica.at\/XIIIMAFF2021\/?page_id=84"},"modified":"2021-11-10T21:39:03","modified_gmt":"2021-11-10T21:39:03","slug":"dasfestival","status":"publish","type":"page","link":"https:\/\/www.centroamerica.at\/XIIIMAFF2021\/dasfestival\/","title":{"rendered":"Das Festival"},"content":{"rendered":"<h1 class=\"pageHeader\" style=\"text-align: center;\">Das XIII. Mittelamerikanische Filmfestival 2021 in Wien<\/h1>\n<div class=\"motion-copy col-xs-12 col-sm-5 col-sm-offset-2\">\n<p>Unser Impfstoff erster Wahl gegen Fernweh: Lasst uns heuer die hellste aller Schattenseiten feiern und uns auf das Positive konzentrieren.<\/p>\n<p>Beeindruckende Filmproduktionen wurden fertiggestellt, die wir gerne mit euch teilen wollen. Und da das Reisen ohnehin schwierig bleibt, bringen wir euch Zentralamerika einfach in denKinosaal und insWohnzimmer!<\/p>\n<p>Wer abschalten m\u00f6chte, kann in die bunteWelt der Kurzfilme abtauchen oder einen unserer Spielfilme genie\u00dfen. Neben Horror und vermeintlichem Fu\u00dfballfanatismus zeigen wir eine am\u00fcsante Beziehungskom\u00f6die und eine salvadorianische Produktion, die an I\u00f1\u00e1rritus Amores Perros erinnert.<\/p>\n<p>Der Dokumentarfilm steht hingegen ganz im Zeichen desWiderstands. So bieten wir Einblicke in das Leben von Mar\u00eda Fel\u00edcita L\u00f3pez, einer<br \/>\nfeministischen Aktivistin, die in Honduras auf den Landbesitz der Lenca besteht, von Jorge Lu\u00eds Altuve, der sich in Guatemala der Korruption in<br \/>\ndenWeg stellt oder des nicaraguanischen Poeten und sozialistischen Politiker Ernesto Cardenal.<\/p>\n<p>Auch dieses Jahr wird unser Filmprogramm von ExpertInnen begleitet und von Live-Musik umrahmt. Zudem bieten wir Schulveranstaltungen<br \/>\nan, die durch didaktisches Material und Diskussionen vor Ort eine gro\u00dfartige Erg\u00e4nzung f\u00fcr den Unterricht sind.<\/p>\n<p>Gewidmet ist unser Festival heuer all jenen, die sich nicht unterkriegen lassen. Insbesondere denen, die in unserem diesj\u00e4hrigen Gastland ChileTag f\u00fcrTag auf die Stra\u00dfe gegangen sind und durch ihr Durchhalteverm\u00f6gen eine schon lang \u00fcberf\u00e4llige Reform der chilenischen Verfassung erreicht haben.<\/p>\n<\/div>\n<p class=\"pagePara\">\u00a1Nos vemos en la cine!<\/p>\n<p>&nbsp;<\/p>\n<p class=\"pagePara\"><a href=\"https:\/\/www.centroamerica.at\/XIIIMAFF2021\/nachspann\/\">Nachspann<\/a><\/p>\n<p class=\"pagePara\"><a href=\"https:\/\/www.centroamerica.at\/XIIIMAFF2021\/die-preise\/\">Die Preise<\/a><\/p>\n<p><a href=\"https:\/\/www.centroamerica.at\/XIIIMAFF2021\/streaminginfo\/\">Streaming Info<\/a><\/p>\n<p><a href=\"https:\/\/tv.festhome.com\/festivaltv\/ciclo-de-cine-centroamericano-viena\">Online Streaming<\/a><\/p>\n<p style=\"text-align: left;\"><a href=\"https:\/\/www.centroamerica.at\/XIIIMAFF2021\/presse\/\">Presse Files<\/a><\/p>\n","protected":false},"excerpt":{"rendered":"<p>Das XIII. Mittelamerikanische Filmfestival 2021 in Wien Unser Impfstoff erster Wahl gegen Fernweh: Lasst uns heuer die hellste aller Schattenseiten feiern und uns auf das Positive konzentrieren. Beeindruckende Filmproduktionen wurden fertiggestellt, die wir gerne mit euch teilen wollen. Und da das Reisen ohnehin schwierig bleibt, bringen wir euch Zentralamerika einfach in denKinosaal und insWohnzimmer! Wer [&hellip;]<\/p>\n","protected":false},"author":1,"featured_media":0,"parent":0,"menu_order":0,"comment_status":"closed","ping_status":"closed","template":"","meta":[],"acf":[],"_links":{"self":[{"href":"https:\/\/www.centroamerica.at\/XIIIMAFF2021\/wp-json\/wp\/v2\/pages\/84"}],"collection":[{"href":"https:\/\/www.centroamerica.at\/XIIIMAFF2021\/wp-json\/wp\/v2\/pages"}],"about":[{"href":"https:\/\/www.centroamerica.at\/XIIIMAFF2021\/wp-json\/wp\/v2\/types\/page"}],"author":[{"embeddable":true,"href":"https:\/\/www.centroamerica.at\/XIIIMAFF2021\/wp-json\/wp\/v2\/users\/1"}],"replies":[{"embeddable":true,"href":"https:\/\/www.centroamerica.at\/XIIIMAFF2021\/wp-json\/wp\/v2\/comments?post=84"}],"version-history":[{"count":46,"href":"https:\/\/www.centroamerica.at\/XIIIMAFF2021\/wp-json\/wp\/v2\/pages\/84\/revisions"}],"predecessor-version":[{"id":2560,"href":"https:\/\/www.centroamerica.at\/XIIIMAFF2021\/wp-json\/wp\/v2\/pages\/84\/revisions\/2560"}],"wp:attachment":[{"href":"https:\/\/www.centroamerica.at\/XIIIMAFF2021\/wp-json\/wp\/v2\/media?parent=84"}],"curies":[{"name":"wp","href":"https:\/\/api.w.org\/{rel}","templated":true}]}}