{"id":1733,"date":"2020-11-11T13:06:20","date_gmt":"2020-11-11T13:06:20","guid":{"rendered":"https:\/\/www.centroamerica.at\/XIIIMAFF2021\/?page_id=1733"},"modified":"2021-12-04T17:46:45","modified_gmt":"2021-12-04T17:46:45","slug":"streaminginfo","status":"publish","type":"page","link":"https:\/\/www.centroamerica.at\/XIIIMAFF2021\/streaminginfo\/","title":{"rendered":"streaminginfo"},"content":{"rendered":"<h1 class=\"pageHeader\" style=\"text-align: center;\">Streaming Info<\/h1>\n<div class=\"motion-copy col-xs-12 col-sm-5 col-sm-offset-2\">\n<p>Unsere Streamingseite kann in verschiedensten Sprachen aufgerufen werden, ein Kalender oben Links erleichtert das schnelle Finden der Programmpunkte oder mit der Suchfunktion findet Ihr leicht die Filme, die auf unserer Website alle ausf\u00fchrlich beschrieben sind. Mit den entsprechenden Buttons seid Ihr rasch mit einem Klick zur\u00fcck auf unserer Internetseite oder auf Instagram bzw. Facebook. Alle Filme sind im Originalspreche und grunds\u00e4tzlich mit englischen Untertiteln ausgestattet. Manche haben auch noch Untertitel in anderen Sprachen. Das Streamen geht also ganz leicht. Sollten dennoch Fragen auftauchen, scheut Euch nicht, sie uns zu stellen!<\/p>\n<\/div>\n<p style=\"text-align: center;\"><img loading=\"lazy\" class=\"alignnone size-full wp-image-1802\" src=\"https:\/\/www.centroamerica.at\/XIIIMAFF2021\/wp-content\/uploads\/2020\/11\/streaminginfos.jpg\" alt=\"\" width=\"450\" height=\"338\" srcset=\"https:\/\/www.centroamerica.at\/XIIIMAFF2021\/wp-content\/uploads\/2020\/11\/streaminginfos.jpg 450w, https:\/\/www.centroamerica.at\/XIIIMAFF2021\/wp-content\/uploads\/2020\/11\/streaminginfos-300x225.jpg 300w\" sizes=\"(max-width: 450px) 100vw, 450px\" \/><\/p>\n<p>Da wir im vergangen Jahr sehr gute Erfahrungen mit dem Digitalformat gemacht haben und auch jenen, die Chance bieten wollen, die Filme zu sehen, die zu diesen Zeiten lieber zuhause bleiben wollen oder schlicht nicht nach Wien kommen k\u00f6nnen, bieten wir in diesem Jahr sowohl Projektionen im Kino als auch online an. Auf diese Weise kommt Kultur und die neusten mittelamerikanischen und diesmal chilenischen (Ehrengastland) Kinofilme in Eure Gem\u00e4cher und sollen Euren grauen November bereichern, bunt bebildern und zum Diskutieren, Tr\u00e4umen, Nachdenken, Projekte entwickeln, Austauschen und Verbinden anregen.<\/p>\n<p>Den Festivalrahmen schafft Ihr Euch selbst und ja, lasst Euch inspirieren! Kocht was Feines oder bestellt Euch was leckeres Lateinamerikanisches (siehe Sponsoren), poppt den Mais in der Pfanne, macht es Euch gem\u00fctlich in der H\u00e4ngematte oder auf dem Sofa! Streamt die Filme an die Wand, auf dem Laptop am K\u00fcchentisch oder unter der Bettdecke am Handy und vergesst nicht dann durch den Flur ins Wohnzimmer zu Tanzen und das Leben zu genie\u00dfen!<\/p>\n<p>Und: Schenkt uns Euer Feedback! Auch der Austausch \u00fcber die Filme, deren Macher*innen und das Land und die Erfahrungen dort sollen nicht zu kurz kommen! Diskutiert mit uns in den Events und lasst uns Eure Meinungen, Ideen und Erfahrungen wissen! Wir freuen uns \u00fcber jedes Statement oder Foto auch auf virtuellen Raum kann man sich so verbinden und in Kontakt bleiben!<\/p>\n<p>Online gehen birgt auch Vorteile: Vielleicht habt Ihr bei den fr\u00fcheren Festivals manchmal einen guten Film verpasst? Nun, das passiert dieses Jahr nicht so leicht, denn der Festivalpass f\u00fcr das gesamte Programm kostet dieses Jahr so viel wie 2 Kinoeintrittskarten (15\u20ac) und im Abspielen der Filme seid Ihr flexibel! Vom 22. November bis einschlie\u00dflich 6. Dezember k\u00f6nnen die Filme angesehen werden.<\/p>\n<p>Wir wollen uns in jedem Fall, bei allen Unterst\u00fctzer*innen sehr herzlich bedanken und auch bei, euch, die dem Festival treu bleiben, sei es vom Kinosaal oder eurem Wohnzimmer aus. Bleibt gesund! Genie\u00dft! F\u00fcllt Eure Herzen mit Zuversicht und Miteinander! Gracias!<\/p>\n<p>Y \u00a1\u00c1nimo y no se dejen vencer!<\/p>\n<p>\u00a1Nos vemos en la casa!<\/p>\n<p><a href=\"https:\/\/tv.festhome.com\/festivaltv\/ciclo-de-cine-centroamericano-viena\">Online Streaming<\/a><\/p>\n","protected":false},"excerpt":{"rendered":"<p>Streaming Info Unsere Streamingseite kann in verschiedensten Sprachen aufgerufen werden, ein Kalender oben Links erleichtert das schnelle Finden der Programmpunkte oder mit der Suchfunktion findet Ihr leicht die Filme, die auf unserer Website alle ausf\u00fchrlich beschrieben sind. Mit den entsprechenden Buttons seid Ihr rasch mit einem Klick zur\u00fcck auf unserer Internetseite oder auf Instagram bzw. [&hellip;]<\/p>\n","protected":false},"author":1,"featured_media":0,"parent":0,"menu_order":0,"comment_status":"closed","ping_status":"closed","template":"","meta":[],"acf":[],"_links":{"self":[{"href":"https:\/\/www.centroamerica.at\/XIIIMAFF2021\/wp-json\/wp\/v2\/pages\/1733"}],"collection":[{"href":"https:\/\/www.centroamerica.at\/XIIIMAFF2021\/wp-json\/wp\/v2\/pages"}],"about":[{"href":"https:\/\/www.centroamerica.at\/XIIIMAFF2021\/wp-json\/wp\/v2\/types\/page"}],"author":[{"embeddable":true,"href":"https:\/\/www.centroamerica.at\/XIIIMAFF2021\/wp-json\/wp\/v2\/users\/1"}],"replies":[{"embeddable":true,"href":"https:\/\/www.centroamerica.at\/XIIIMAFF2021\/wp-json\/wp\/v2\/comments?post=1733"}],"version-history":[{"count":16,"href":"https:\/\/www.centroamerica.at\/XIIIMAFF2021\/wp-json\/wp\/v2\/pages\/1733\/revisions"}],"predecessor-version":[{"id":2582,"href":"https:\/\/www.centroamerica.at\/XIIIMAFF2021\/wp-json\/wp\/v2\/pages\/1733\/revisions\/2582"}],"wp:attachment":[{"href":"https:\/\/www.centroamerica.at\/XIIIMAFF2021\/wp-json\/wp\/v2\/media?parent=1733"}],"curies":[{"name":"wp","href":"https:\/\/api.w.org\/{rel}","templated":true}]}}